{"id":25138,"date":"2025-10-30T18:47:19","date_gmt":"2025-10-30T18:47:19","guid":{"rendered":"https:\/\/www.vetreriaciri.com\/?page_id=25138"},"modified":"2025-10-31T08:43:27","modified_gmt":"2025-10-31T08:43:27","slug":"code-of-ethics","status":"publish","type":"page","link":"https:\/\/www.vetreriaciri.com\/en\/code-of-ethics\/","title":{"rendered":"Code of Ethics"},"content":{"rendered":"<section class=\"l-section wpb_row us_custom_9744ec5e hide_on_tablets hide_on_mobiles height_auto\"><div class=\"l-section-h i-cf\"><div class=\"g-cols vc_row via_grid cols_2 laptops-cols_inherit tablets-cols_inherit mobiles-cols_1 valign_middle type_default stacking_default\"><div class=\"wpb_column vc_column_container\"><div class=\"vc_column-inner\"><\/div><\/div><div class=\"wpb_column vc_column_container\"><div class=\"vc_column-inner\"><nav class=\"g-breadcrumbs us_custom_37bd319f separator_icon align_right\" itemscope itemtype=\"http:\/\/schema.org\/BreadcrumbList\"><div class=\"g-breadcrumbs-item\" itemscope itemprop=\"itemListElement\" itemtype=\"http:\/\/schema.org\/ListItem\"><a itemprop=\"item\" href=\"https:\/\/www.vetreriaciri.com\/en\/\"><span itemprop=\"name\">Home<\/span><\/a><meta itemprop=\"position\" content=\"1\"\/><\/div><div class=\"g-breadcrumbs-separator\"><i class=\"material-icons\">navigate_next<\/i><\/div><div class=\"g-breadcrumbs-item\">Pages<\/div><\/nav><\/div><\/div><\/div><\/div><\/section><section class=\"l-section wpb_row us_custom_70fbd3a9 hide_on_default hide_on_laptops height_auto\"><div class=\"l-section-h i-cf\"><div class=\"g-cols vc_row via_grid cols_1 laptops-cols_inherit tablets-cols_inherit mobiles-cols_1 valign_middle type_default stacking_default\"><div class=\"wpb_column vc_column_container\"><div class=\"vc_column-inner\"><nav class=\"g-breadcrumbs us_custom_37bd319f separator_icon align_none\" itemscope itemtype=\"http:\/\/schema.org\/BreadcrumbList\"><div class=\"g-breadcrumbs-item\" itemscope itemprop=\"itemListElement\" itemtype=\"http:\/\/schema.org\/ListItem\"><a itemprop=\"item\" href=\"https:\/\/www.vetreriaciri.com\/en\/\"><span itemprop=\"name\">Home<\/span><\/a><meta itemprop=\"position\" content=\"1\"\/><\/div><div class=\"g-breadcrumbs-separator\"><i class=\"material-icons\">navigate_next<\/i><\/div><div class=\"g-breadcrumbs-item\">Pages<\/div><\/nav><\/div><\/div><\/div><\/div><\/section>\n<section class=\"l-section wpb_row height_large\"><div class=\"l-section-h i-cf\"><div class=\"g-cols vc_row via_grid cols_1-3 laptops-cols_inherit tablets-cols_inherit mobiles-cols_1 valign_top type_default stacking_default\" style=\"--columns-gap:4rem;\"><div class=\"wpb_column vc_column_container us_custom_7a07fb8d hide_on_tablets hide_on_mobiles\"><div class=\"vc_column-inner\"><div class=\"w-image us_custom_8c9cd96b align_none\"><div class=\"w-image-h\"><img decoding=\"async\" width=\"2999\" height=\"794\" src=\"https:\/\/www.vetreriaciri.com\/wp-content\/uploads\/2022\/03\/vetreria-ciri.png\" class=\"attachment-full size-full\" alt=\"\" loading=\"lazy\" srcset=\"https:\/\/www.vetreriaciri.com\/wp-content\/uploads\/2022\/03\/vetreria-ciri.png 2999w, https:\/\/www.vetreriaciri.com\/wp-content\/uploads\/2022\/03\/vetreria-ciri-300x79.png 300w, https:\/\/www.vetreriaciri.com\/wp-content\/uploads\/2022\/03\/vetreria-ciri-1024x271.png 1024w\" sizes=\"auto, (max-width: 2999px) 100vw, 2999px\" \/><\/div><\/div><\/div><\/div><div class=\"wpb_column vc_column_container us_custom_5cd26a65\"><div class=\"vc_column-inner\"><div class=\"w-vwrapper align_none valign_top\" style=\"--vwrapper-gap:0.2rem\"><div class=\"w-separator size_small\"><\/div>[vc_custom_heading text=&#8221;Codice Etico&#8221; use_theme_fonts=&#8221;yes&#8221; css=&#8221;%7B%22default%22%3A%7B%22font-size%22%3A%222.8rem%22%2C%22line-height%22%3A%221.1%22%2C%22margin-bottom%22%3A%220%22%2C%22padding-bottom%22%3A%220%22%2C%22animation-name%22%3A%22afb%22%2C%22animation-delay%22%3A%220.3s%22%7D%2C%22laptops%22%3A%7B%22font-size%22%3A%222.8rem%22%2C%22line-height%22%3A%221.1%22%7D%2C%22tablets%22%3A%7B%22font-size%22%3A%222rem%22%2C%22line-height%22%3A%221.1%22%7D%2C%22mobiles%22%3A%7B%22font-size%22%3A%222rem%22%2C%22line-height%22%3A%221.1%22%7D%7D&#8221;][vc_custom_heading text=&#8221;Sistema di gestione per la sostenibilit\u00e0&#8221; use_theme_fonts=&#8221;yes&#8221; css=&#8221;%7B%22default%22%3A%7B%22font-size%22%3A%221.8rem%22%2C%22line-height%22%3A%221.1%22%2C%22margin-bottom%22%3A%220%22%2C%22padding-bottom%22%3A%220%22%2C%22animation-name%22%3A%22afb%22%2C%22animation-delay%22%3A%220.3s%22%7D%2C%22laptops%22%3A%7B%22font-size%22%3A%222.8rem%22%2C%22line-height%22%3A%221.1%22%7D%2C%22tablets%22%3A%7B%22font-size%22%3A%222rem%22%2C%22line-height%22%3A%221.1%22%7D%2C%22mobiles%22%3A%7B%22font-size%22%3A%222rem%22%2C%22line-height%22%3A%221.1%22%7D%7D&#8221;]<div class=\"w-separator us_custom_de366d1c separatore us_animate_this size_custom with_line width_default thick_5 style_solid color_secondary align_left\" style=\"height:30px\"><div class=\"w-separator-h\"><\/div><\/div><div class=\"wpb_text_column us_custom_de366d1c us_animate_this\"><div class=\"wpb_wrapper\"><p>La <strong>Vetreria Ciri<\/strong> opera dal 1977 nel settore della realizzazione di vetrate isolanti e vetri per arredamento. L\u2019azienda si pone come obiettivo principale la produzione di vetrate di alta qualit\u00e0.<br \/>\nI Clienti di riferimento sono Imprese appaltatrici, Aziende Industriali e Privati.<br \/>\nCon un&#8217;esperienza di oltre quarant&#8217;anni, oggi la Vetreria Ciri si estende su una superficie di 10.000 m2 e si attesta tra le realt\u00e0 leader in Italia per la produzione di vetrate isolanti di alta qualit\u00e0.<\/p>\n<p><strong>Consegne Rapide<\/strong><br \/>\nLa Vetreria Ciri dispone di automezzi in grado di consegnare la propria merce su tutto il territorio nazionale. Con Precisione e Puntualit\u00e0<br \/>\nInstallazione vetrate la Vetreria Ciri \u00e8 specializzata nelle installazioni di vetrate di grandi dimensioni, con personale altamente qualificato ed attrezzature tecniche professionali.<\/p>\n<p><strong>Assistenza Tecnica<\/strong><br \/>\nLa Vetreria Ciri offre un servizio di consulenza e assistenza tecnica ai propri clienti, attraverso il personale altamente qualificato e gli strumenti tecnologici all\u2019avanguardia.<br \/>\nIl Codice Etico \u00e8 stato elaborato per assicurare che i valori etici fondamentali della Vetreria Ciri siano chiaramente definiti e costituiscano l\u2019elemento base della cultura aziendale, nonch\u00e9 lo standard di comportamento di tutti i Collaboratori, a qualsiasi titolo, della Societ\u00e0 nella conduzione delle loro attivit\u00e0.<\/p>\n<p><strong>Validit\u00e0 ed Applicabilit\u00e0<\/strong><br \/>\nIl Codice Etico si applica alla Vetreria Ciri, alle societ\u00e0 collegate e partner e \u00e8 quindi vincolante per i comportamenti di tutti i Collaboratori e di tutti coloro che, a qualsiasi titolo e a prescindere dalla tipologia di rapporto contrattuale, contribuiscono al raggiungimento degli scopi e degli obiettivi aziendali.<br \/>\nPer Collaboratori si intendono l\u2019amministratore, i dipendenti, soggetti con contratto di collaborazione e coloro i quali in virt\u00f9 di specifici mandati o procure, rappresentano l\u2019azienda verso i terzi.<\/p>\n<\/div><\/div><div class=\"w-separator size_small\"><\/div><div class=\"w-btn-wrapper align_none\"><a class=\"w-btn us-btn-style_1\" target=\"_blank\" href=\"https:\/\/www.vetreriaciri.com\/wp-content\/uploads\/2025\/10\/codice-etico-vetreria-2.pdf\"><span class=\"w-btn-label\">Leggi tutto il codice etico<\/span><\/a><\/div><\/div><\/div><\/div><\/div><\/div><\/section>\n","protected":false},"excerpt":{"rendered":"Homenavigate_nextPagesHomenavigate_nextPages [vc_custom_heading text=\"Codice Etico\" use_theme_fonts=\"yes\" css=\"%7B%22default%22%3A%7B%22font-size%22%3A%222.8rem%22%2C%22line-height%22%3A%221.1%22%2C%22margin-bottom%22%3A%220%22%2C%22padding-bottom%22%3A%220%22%2C%22animation-name%22%3A%22afb%22%2C%22animation-delay%22%3A%220.3s%22%7D%2C%22laptops%22%3A%7B%22font-size%22%3A%222.8rem%22%2C%22line-height%22%3A%221.1%22%7D%2C%22tablets%22%3A%7B%22font-size%22%3A%222rem%22%2C%22line-height%22%3A%221.1%22%7D%2C%22mobiles%22%3A%7B%22font-size%22%3A%222rem%22%2C%22line-height%22%3A%221.1%22%7D%7D\"][vc_custom_heading text=\"Sistema di gestione per la sostenibilit\u00e0\" use_theme_fonts=\"yes\" css=\"%7B%22default%22%3A%7B%22font-size%22%3A%221.8rem%22%2C%22line-height%22%3A%221.1%22%2C%22margin-bottom%22%3A%220%22%2C%22padding-bottom%22%3A%220%22%2C%22animation-name%22%3A%22afb%22%2C%22animation-delay%22%3A%220.3s%22%7D%2C%22laptops%22%3A%7B%22font-size%22%3A%222.8rem%22%2C%22line-height%22%3A%221.1%22%7D%2C%22tablets%22%3A%7B%22font-size%22%3A%222rem%22%2C%22line-height%22%3A%221.1%22%7D%2C%22mobiles%22%3A%7B%22font-size%22%3A%222rem%22%2C%22line-height%22%3A%221.1%22%7D%7D\"]La Vetreria Ciri opera dal 1977 nel settore della realizzazione di vetrate isolanti e vetri per arredamento. L\u2019azienda si pone come obiettivo principale la produzione di vetrate di alta qualit\u00e0. I Clienti di riferimento sono Imprese appaltatrici, Aziende Industriali e Privati. Con...","protected":false},"author":4,"featured_media":0,"parent":0,"menu_order":0,"comment_status":"closed","ping_status":"closed","template":"","meta":{"footnotes":""},"class_list":["post-25138","page","type-page","status-publish","hentry"],"yoast_head":"<!-- This site is optimized with the Yoast SEO plugin v27.3 - https:\/\/yoast.com\/product\/yoast-seo-wordpress\/ -->\n<title>Code of Ethics - Vetreria Ciri<\/title>\n<meta name=\"robots\" content=\"index, follow, max-snippet:-1, max-image-preview:large, max-video-preview:-1\" \/>\n<link rel=\"canonical\" href=\"https:\/\/www.vetreriaciri.com\/en\/code-of-ethics\/\" \/>\n<meta property=\"og:locale\" content=\"en_US\" \/>\n<meta property=\"og:type\" content=\"article\" \/>\n<meta property=\"og:title\" content=\"Code of Ethics - Vetreria Ciri\" \/>\n<meta property=\"og:url\" content=\"https:\/\/www.vetreriaciri.com\/en\/code-of-ethics\/\" \/>\n<meta property=\"og:site_name\" content=\"Vetreria Ciri\" \/>\n<meta property=\"article:modified_time\" content=\"2025-10-31T08:43:27+00:00\" \/>\n<meta name=\"twitter:card\" content=\"summary_large_image\" \/>\n<meta name=\"twitter:label1\" content=\"Est. reading time\" \/>\n\t<meta name=\"twitter:data1\" content=\"2 minutes\" \/>\n<script type=\"application\/ld+json\" class=\"yoast-schema-graph\">{\"@context\":\"https:\\\/\\\/schema.org\",\"@graph\":[{\"@type\":\"WebPage\",\"@id\":\"https:\\\/\\\/www.vetreriaciri.com\\\/en\\\/code-of-ethics\\\/\",\"url\":\"https:\\\/\\\/www.vetreriaciri.com\\\/en\\\/code-of-ethics\\\/\",\"name\":\"Code of Ethics - Vetreria Ciri\",\"isPartOf\":{\"@id\":\"https:\\\/\\\/www.vetreriaciri.com\\\/en\\\/#website\"},\"datePublished\":\"2025-10-30T18:47:19+00:00\",\"dateModified\":\"2025-10-31T08:43:27+00:00\",\"breadcrumb\":{\"@id\":\"https:\\\/\\\/www.vetreriaciri.com\\\/en\\\/code-of-ethics\\\/#breadcrumb\"},\"inLanguage\":\"en-US\",\"potentialAction\":[{\"@type\":\"ReadAction\",\"target\":[\"https:\\\/\\\/www.vetreriaciri.com\\\/en\\\/code-of-ethics\\\/\"]}]},{\"@type\":\"BreadcrumbList\",\"@id\":\"https:\\\/\\\/www.vetreriaciri.com\\\/en\\\/code-of-ethics\\\/#breadcrumb\",\"itemListElement\":[{\"@type\":\"ListItem\",\"position\":1,\"name\":\"Home\",\"item\":\"https:\\\/\\\/www.vetreriaciri.com\\\/en\\\/\"},{\"@type\":\"ListItem\",\"position\":2,\"name\":\"Code of Ethics\"}]},{\"@type\":\"WebSite\",\"@id\":\"https:\\\/\\\/www.vetreriaciri.com\\\/en\\\/#website\",\"url\":\"https:\\\/\\\/www.vetreriaciri.com\\\/en\\\/\",\"name\":\"Vetreria Ciri\",\"description\":\"Dal 1976 esperti nella lavorazione del vetro \",\"potentialAction\":[{\"@type\":\"SearchAction\",\"target\":{\"@type\":\"EntryPoint\",\"urlTemplate\":\"https:\\\/\\\/www.vetreriaciri.com\\\/en\\\/?s={search_term_string}\"},\"query-input\":{\"@type\":\"PropertyValueSpecification\",\"valueRequired\":true,\"valueName\":\"search_term_string\"}}],\"inLanguage\":\"en-US\"}]}<\/script>\n<!-- \/ Yoast SEO plugin. -->","yoast_head_json":{"title":"Code of Ethics - Vetreria Ciri","robots":{"index":"index","follow":"follow","max-snippet":"max-snippet:-1","max-image-preview":"max-image-preview:large","max-video-preview":"max-video-preview:-1"},"canonical":"https:\/\/www.vetreriaciri.com\/en\/code-of-ethics\/","og_locale":"en_US","og_type":"article","og_title":"Code of Ethics - Vetreria Ciri","og_url":"https:\/\/www.vetreriaciri.com\/en\/code-of-ethics\/","og_site_name":"Vetreria Ciri","article_modified_time":"2025-10-31T08:43:27+00:00","twitter_card":"summary_large_image","twitter_misc":{"Est. reading time":"2 minutes"},"schema":{"@context":"https:\/\/schema.org","@graph":[{"@type":"WebPage","@id":"https:\/\/www.vetreriaciri.com\/en\/code-of-ethics\/","url":"https:\/\/www.vetreriaciri.com\/en\/code-of-ethics\/","name":"Code of Ethics - Vetreria Ciri","isPartOf":{"@id":"https:\/\/www.vetreriaciri.com\/en\/#website"},"datePublished":"2025-10-30T18:47:19+00:00","dateModified":"2025-10-31T08:43:27+00:00","breadcrumb":{"@id":"https:\/\/www.vetreriaciri.com\/en\/code-of-ethics\/#breadcrumb"},"inLanguage":"en-US","potentialAction":[{"@type":"ReadAction","target":["https:\/\/www.vetreriaciri.com\/en\/code-of-ethics\/"]}]},{"@type":"BreadcrumbList","@id":"https:\/\/www.vetreriaciri.com\/en\/code-of-ethics\/#breadcrumb","itemListElement":[{"@type":"ListItem","position":1,"name":"Home","item":"https:\/\/www.vetreriaciri.com\/en\/"},{"@type":"ListItem","position":2,"name":"Code of Ethics"}]},{"@type":"WebSite","@id":"https:\/\/www.vetreriaciri.com\/en\/#website","url":"https:\/\/www.vetreriaciri.com\/en\/","name":"Vetreria Ciri","description":"Dal 1976 esperti nella lavorazione del vetro ","potentialAction":[{"@type":"SearchAction","target":{"@type":"EntryPoint","urlTemplate":"https:\/\/www.vetreriaciri.com\/en\/?s={search_term_string}"},"query-input":{"@type":"PropertyValueSpecification","valueRequired":true,"valueName":"search_term_string"}}],"inLanguage":"en-US"}]}},"_links":{"self":[{"href":"https:\/\/www.vetreriaciri.com\/en\/wp-json\/wp\/v2\/pages\/25138","targetHints":{"allow":["GET"]}}],"collection":[{"href":"https:\/\/www.vetreriaciri.com\/en\/wp-json\/wp\/v2\/pages"}],"about":[{"href":"https:\/\/www.vetreriaciri.com\/en\/wp-json\/wp\/v2\/types\/page"}],"author":[{"embeddable":true,"href":"https:\/\/www.vetreriaciri.com\/en\/wp-json\/wp\/v2\/users\/4"}],"replies":[{"embeddable":true,"href":"https:\/\/www.vetreriaciri.com\/en\/wp-json\/wp\/v2\/comments?post=25138"}],"version-history":[{"count":2,"href":"https:\/\/www.vetreriaciri.com\/en\/wp-json\/wp\/v2\/pages\/25138\/revisions"}],"predecessor-version":[{"id":25140,"href":"https:\/\/www.vetreriaciri.com\/en\/wp-json\/wp\/v2\/pages\/25138\/revisions\/25140"}],"wp:attachment":[{"href":"https:\/\/www.vetreriaciri.com\/en\/wp-json\/wp\/v2\/media?parent=25138"}],"curies":[{"name":"wp","href":"https:\/\/api.w.org\/{rel}","templated":true}]}}